{"id":542,"date":"2015-11-13T11:00:06","date_gmt":"2015-11-13T19:00:06","guid":{"rendered":"https:\/\/cfwh.org\/?page_id=542"},"modified":"2026-02-23T15:35:13","modified_gmt":"2026-02-23T23:35:13","slug":"le-conseil-dadministration","status":"publish","type":"page","link":"https:\/\/cfwh.org\/fr\/le-conseil-dadministration\/","title":{"rendered":"Le conseil d&rsquo;administration"},"content":{"rendered":"<p>La Fondation canadienne de la sant\u00e9 des femmes a pour mandat de financer la recherche, l\u2019\u00e9ducation et les activit\u00e9s internationales dans tous les domaines li\u00e9s \u00e0 la sant\u00e9 des femmes, afin de sauver des vies et d\u2019am\u00e9liorer la sant\u00e9 des femmes. Le conseil d\u2019administration est charg\u00e9 de mettre en \u0153uvre le mandat de la fondation. Il \u00e9tablit les objectifs et la politique de la fondation, assure un soutien financier ad\u00e9quat pour ses op\u00e9rations, \u00e9labore et planifie des initiatives \u00e0 long terme, recrute le directeur g\u00e9n\u00e9ral et assure la promotion de la fondation tant sur le plan priv\u00e9 que public. Notre conseil d\u2019administration est compos\u00e9 de personnes d\u00e9vou\u00e9es issues de divers horizons.<\/p>\n<ul>\n<li><a href=\"#shaw\">Dorothy Shaw<\/a> (pr\u00e9sidente)<\/li>\n<li><a href=\"#reid\">Robert Reid<\/a> (vice-pr\u00e9sident)<\/li>\n<li><a href=\"#young\">David Young<\/a> (tr\u00e9sorier)<\/li>\n<li><a href=\"#fortier\">Michel Fortier<\/a><\/li>\n<li><a href=\"#helewa\">Michael Helewa<\/a><\/li>\n<li><a href=\"#lalonde\">Andr\u00e9 Lalonde<\/a><\/li>\n<\/ul>\n<hr \/>\n<p><span id=\"shaw\"><\/span><br \/>\n<strong><img loading=\"lazy\" decoding=\"async\" class=\"alignleft wp-image-539 size-medium\" src=\"http:\/\/cfwh.org\/wp-content\/uploads\/2026\/02\/drshaw-244x300.jpg\" alt=\"\" width=\"244\" height=\"300\" srcset=\"https:\/\/cfwh.org\/wp-content\/uploads\/2026\/02\/drshaw-244x300.jpg 244w, https:\/\/cfwh.org\/wp-content\/uploads\/2026\/02\/drshaw.jpg 706w\" sizes=\"auto, (max-width: 244px) 100vw, 244px\" \/>Dorothy Shaw<\/strong><br \/>\nPr\u00e9sidente<\/p>\n<p>Dorothy Shaw, Offici\u00e8re de l\u2019Ordre du Canada (OC), est professeure clinique \u00e9m\u00e9rite au D\u00e9partement d\u2019obst\u00e9trique et de gyn\u00e9cologie et membre associ\u00e9e du D\u00e9partement de g\u00e9n\u00e9tique m\u00e9dicale de l\u2019Universit\u00e9 de la Colombie-Britannique (UBC). L\u2019une des premi\u00e8res p\u00e9rinatologues au Canada, elle a codirig\u00e9 le programme de diagnostic ambulatoire du BC Women\u2019s Hospital and Health Centre. Elle est reconnue dans le milieu universitaire pour sa contribution \u00e0 l\u2019\u00e9laboration de politiques et \u00e0 la d\u00e9fense des droits des femmes au Canada et \u00e0 l\u2019\u00e9chelle mondiale, et elle est r\u00e9put\u00e9e pour son leadership et sa collaboration visant \u00e0 am\u00e9liorer la sant\u00e9.<\/p>\n<p>Entre 2000 et 2010, pendant ses mandats de doyenne \u00e0 l\u2019UBC, la Dre Shaw a r\u00e9alis\u00e9 des analyses comparatives entre les sexes pour la facult\u00e9 de m\u00e9decine. Elle a \u00e9t\u00e9 pr\u00e9sidente de la Soci\u00e9t\u00e9 des obst\u00e9triciens et gyn\u00e9cologues du Canada (1991-1992) et la premi\u00e8re femme pr\u00e9sidente de la FIGO (2006-2009). En tant que pr\u00e9sidente, elle a lanc\u00e9 le programme de la FIGO pour la pr\u00e9vention des avortements \u00e0 risque et de leurs complications dans 46 pays. Elle a \u00e9galement \u00e9t\u00e9 la premi\u00e8re pr\u00e9sidente du Comit\u00e9 de la FIGO pour les droits sexuels et reproductifs des femmes de 2000 \u00e0 2003 et la pr\u00e9sidente fondatrice du R\u00e9seau canadien pour la sant\u00e9 maternelle, n\u00e9onatale et infantile de 2010 \u00e0 2014.<\/p>\n<p>La Dre Shaw a \u00e9t\u00e9 honor\u00e9e \u00e0 l\u2019\u00e9chelle nationale et internationale par plusieurs prix r\u00e9compensant l\u2019ensemble de sa carri\u00e8re, notamment en \u00e9tant nomm\u00e9e Offici\u00e8re de l\u2019Ordre du Canada en 2016.<\/p>\n<p>Apr\u00e8s avoir officiellement pris sa retraite en tant que vice-pr\u00e9sidente des affaires m\u00e9dicales du BC Women\u2019s Hospital en 2018, Dorothy a continu\u00e9 de si\u00e9ger dans des comit\u00e9s et conseils d\u2019administration internationaux, notamment en tant que vice-pr\u00e9sidente du comit\u00e9 de nomination et de gouvernance du Partenariat pour la sant\u00e9 de la m\u00e8re, du nouveau-n\u00e9 et de l\u2019enfant \u00e0 Gen\u00e8ve et en tant que membre du groupe consultatif scientifique et technique du Programme de reproduction humaine de l\u2019OMS. Dorothy m\u00e8ne \u00e9galement une vie personnelle active et est une grand-m\u00e8re d\u00e9vou\u00e9e \u00e0 ses quatre petits-enfants.<\/p>\n<p><span id=\"reid\"><\/span><br \/>\n<strong><img loading=\"lazy\" decoding=\"async\" class=\"alignleft wp-image-538 size-medium\" src=\"http:\/\/cfwh.org\/wp-content\/uploads\/2026\/02\/dr-reid-244x300.jpg\" alt=\"\" width=\"244\" height=\"300\" srcset=\"https:\/\/cfwh.org\/wp-content\/uploads\/2026\/02\/dr-reid-244x300.jpg 244w, https:\/\/cfwh.org\/wp-content\/uploads\/2026\/02\/dr-reid.jpg 706w\" sizes=\"auto, (max-width: 244px) 100vw, 244px\" \/>Robert Reid<\/strong><br \/>\nVice-pr\u00e9sident<\/p>\n<p>Robert Reid est un clinicien et chercheur tr\u00e8s r\u00e9put\u00e9 qui a consacr\u00e9 sa carri\u00e8re \u00e0 l\u2019am\u00e9lioration des soins gyn\u00e9cologiques par le d\u00e9veloppement de programmes \u00e9ducatifs, la tenue de conf\u00e9rences et le mentorat d\u2019\u00e9tudiants prometteurs.<\/p>\n<p>En tant que professeur et directeur du d\u00e9partement d\u2019endocrinologie reproductive et d\u2019infertilit\u00e9 \u00e0 l\u2019Universit\u00e9 Queen\u2019s, il a dirig\u00e9 pendant 25 ans un cours de recherche tr\u00e8s r\u00e9put\u00e9, offert aux stagiaires en obst\u00e9trique et gyn\u00e9cologie de tout le Canada. Au cours de cette p\u00e9riode, il a cr\u00e9\u00e9 la bourse de recherche et d\u2019\u00e9ducation sur la contraception (C.A.R.E.) afin d\u2019offrir une formation sp\u00e9cialis\u00e9e aux futurs gyn\u00e9cologues universitaires de tout le pays. Auteur de plus de 250 articles de recherche et chapitres de livres, le Dr Reid a eu l\u2019occasion de donner de nombreuses conf\u00e9rences lors de congr\u00e8s de m\u00e9decine et dans des universit\u00e9s \u00e0 travers l\u2019Am\u00e9rique du Nord et l\u2019Europe.<\/p>\n<p>Il est l\u2019ancien pr\u00e9sident de la Soci\u00e9t\u00e9 canadienne de fertilit\u00e9 et d\u2019andrologie ainsi que de la Soci\u00e9t\u00e9 des obst\u00e9triciens et gyn\u00e9cologues du Canada. Il a re\u00e7u de nombreux prix, notamment le titre de membre honoraire du Royal College au Royaume-Uni, le prix du Sommet mondial des Nations Unies pour le meilleur contenu \u00e9lectronique et la meilleure cr\u00e9ativit\u00e9 pour un site web \u00e9ducatif sur la sant\u00e9 des femmes (www.sexualityandu.ca), et le prix d\u2019excellence pour l\u2019ensemble de ses r\u00e9alisations d\u00e9cern\u00e9 par la SOGC.<\/p>\n<p><span id=\"young\"><\/span><br \/>\n<strong><img loading=\"lazy\" decoding=\"async\" class=\"alignleft size-medium wp-image-572\" src=\"http:\/\/cfwh.org\/wp-content\/uploads\/2026\/02\/young-david-200x300.jpeg\" alt=\"\" width=\"200\" height=\"300\" srcset=\"https:\/\/cfwh.org\/wp-content\/uploads\/2026\/02\/young-david-200x300.jpeg 200w, https:\/\/cfwh.org\/wp-content\/uploads\/2026\/02\/young-david.jpeg 383w\" sizes=\"auto, (max-width: 200px) 100vw, 200px\" \/>David Young<\/strong><br \/>\nTr\u00e9sorier<\/p>\n<p>Dave a grandi dans un village isol\u00e9 de Terre-Neuve et a obtenu un baccalaur\u00e9at \u00e8s sciences \u00e0 l&rsquo;Universit\u00e9 Memorial de Terre-Neuve. Il a obtenu son doctorat en m\u00e9decine \u00e0 l&rsquo;Universit\u00e9 Dalhousie, \u00e0 Halifax, en Nouvelle-\u00c9cosse, en 1973. Apr\u00e8s avoir exerc\u00e9 pendant trois ans comme m\u00e9decin g\u00e9n\u00e9raliste au Cottage Hospital de Placentia, \u00e0 Terre-Neuve, il est retourn\u00e9 \u00e0 Dalhousie pour terminer sa r\u00e9sidence en obst\u00e9trique et gyn\u00e9cologie (O\/G). Il a ensuite poursuivi des \u00e9tudes sup\u00e9rieures en m\u00e9decine f\u0153to-maternelle (MFM) \u00e0 l&rsquo;Universit\u00e9 du Texas Southwestern et au Parkland Memorial Hospital de Dallas, au Texas, ainsi qu&rsquo;en \u00e9pid\u00e9miologie clinique \u00e0 l&rsquo;Universit\u00e9 McMaster, \u00e0 Hamilton, en Ontario.<\/p>\n<p>Il a ensuite exerc\u00e9 la m\u00e9decine f\u0153to-maternelle \u00e0 St. John&rsquo;s, \u00e0 Terre-Neuve, et \u00e0 Halifax, o\u00f9 il a occup\u00e9 les fonctions de professeur d&rsquo;universit\u00e9 et de directeur du d\u00e9partement d&rsquo;obst\u00e9trique et de gyn\u00e9cologie. Il a \u00e9t\u00e9 reconnu \u00e0 l&rsquo;\u00e9chelle locale, nationale et internationale pour son enseignement et ses recherches au niveau du premier cycle et de la r\u00e9sidence, notamment pour sa participation et son leadership dans le cadre d&rsquo;ECR (essais cliniques randomis\u00e9s).<\/p>\n<p>Depuis sa r\u00e9sidence, il est un membre actif de la Soci\u00e9t\u00e9 des obst\u00e9triciens et gyn\u00e9cologues du Canada (SOGC), o\u00f9 il a occup\u00e9 divers r\u00f4les au sein de comit\u00e9s, en tant que membre du corps professoral lors de r\u00e9unions nationales et r\u00e9gionales, pr\u00e9sentateur et \u00e9valuateur de r\u00e9sum\u00e9s. Dave a \u00e9t\u00e9 pr\u00e9sident de la SOGC en 2003-2004. Il a \u00e9galement \u00e9t\u00e9 pr\u00e9sident de la Soci\u00e9t\u00e9 des obst\u00e9triciens et gyn\u00e9cologues de l&rsquo;Atlantique et de l&rsquo;Association des professeurs d&rsquo;obst\u00e9trique et de gyn\u00e9cologie du Canada.<\/p>\n<p>Apr\u00e8s avoir termin\u00e9 son deuxi\u00e8me mandat \u00e0 la pr\u00e9sidence de Dalhousie, il a re\u00e7u une bourse du mill\u00e9naire de la SOGC et une bourse MacKenzie du Coll\u00e8ge royal pour un cong\u00e9 sabbatique dans le domaine des th\u00e9rapies de procr\u00e9ation assist\u00e9e et de la FIV en 2008-2009 \u00e0 Ottawa et \u00e0 Calgary. En 2014, il a re\u00e7u le prix d&rsquo;excellence de la SOGC.<\/p>\n<p>Dave et Shirlene ont grandi dans des villes voisines de Terre-Neuve, mais ne se sont rencontr\u00e9s qu&rsquo;apr\u00e8s avoir termin\u00e9 leurs \u00e9tudes secondaires. Au cours de leur heureux mariage qui a dur\u00e9 51 ans, Shirlene a \u00e9t\u00e9 une m\u00e8re et une grand-m\u00e8re d\u00e9vou\u00e9e pour leurs deux enfants et leurs quatre petits-enfants. Elle a toujours soutenu sans rel\u00e2che les \u00e9tudes et la carri\u00e8re de Dave. Malheureusement, elle est d\u00e9c\u00e9d\u00e9e entour\u00e9e de sa famille le 12 d\u00e9cembre 2021 apr\u00e8s avoir men\u00e9 un combat courageux de trois ans contre l&rsquo;atrophie multisyst\u00e9matis\u00e9e (AMS), une maladie neurod\u00e9g\u00e9n\u00e9rative rare et invalidante.<\/p>\n<p>Dave a pris sa retraite de la pratique clinique en 2016. Il ch\u00e9rit les interactions avec sa famille, ses coll\u00e8gues, ses \u00e9tudiants et ses patients.<\/p>\n<p><span id=\"fortier\"><\/span><br \/>\n<strong><img loading=\"lazy\" decoding=\"async\" class=\"alignleft wp-image-562 size-medium\" src=\"http:\/\/cfwh.org\/wp-content\/uploads\/2026\/02\/dr-fortier-244x300.jpg\" alt=\"\" width=\"244\" height=\"300\" srcset=\"https:\/\/cfwh.org\/wp-content\/uploads\/2026\/02\/dr-fortier-244x300.jpg 244w, https:\/\/cfwh.org\/wp-content\/uploads\/2026\/02\/dr-fortier.jpg 706w\" sizes=\"auto, (max-width: 244px) 100vw, 244px\" \/>Michel Fortier<\/strong><br \/>\nLe Dr Michel Fortier a obtenu son doctorat en m\u00e9decine (MD) \u00e0 l&rsquo;Universit\u00e9 Laval, au Qu\u00e9bec. Apr\u00e8s avoir obtenu son dipl\u00f4me, il a suivi un programme de r\u00e9sidence sp\u00e9cialis\u00e9 en obst\u00e9trique et gyn\u00e9cologie. Avant de rejoindre le d\u00e9partement d&rsquo;obst\u00e9trique et de gyn\u00e9cologie de l&rsquo;Universit\u00e9 Laval, le Dr Fortier a suivi une formation avanc\u00e9e de six mois en colposcopie sous la direction des Drs Fred Papsin et Gordon Lickrish \u00e0 Toronto.<\/p>\n<p>Le Dr Fortier a \u00e9t\u00e9 pr\u00e9sident de la Soci\u00e9t\u00e9 des obst\u00e9triciens et gyn\u00e9cologues du Canada (SOGC), o\u00f9 il a mis son expertise au service de nombreux comit\u00e9s au sein de l\u2019organisation. Il a \u00e9galement \u00e9t\u00e9 membre du conseil d&rsquo;administration et tr\u00e9sorier du comit\u00e9 ex\u00e9cutif de l&rsquo;Association des obst\u00e9triciens et gyn\u00e9cologues du Qu\u00e9bec (AOGQ). De plus, le Dr Fortier a occup\u00e9 plusieurs postes de direction au sein de la Soci\u00e9t\u00e9 canadienne de colposcopie (SCC), notamment ceux de directeur du programme scientifique et de secr\u00e9taire-tr\u00e9sorier.<\/p>\n<p>Le Dr Fortier est reconnu comme l&rsquo;un des membres fondateurs de la Soci\u00e9t\u00e9 canadienne de m\u00e9nopause (SCM), o\u00f9 il a \u00e9galement occup\u00e9 les fonctions de tr\u00e9sorier au sein du comit\u00e9 ex\u00e9cutif.<\/p>\n<p>Tout au long de sa carri\u00e8re, le Dr Fortier a particip\u00e9 activement \u00e0 de nombreux projets de recherche ax\u00e9s sur des produits innovants dans le domaine de la sant\u00e9 des femmes. Il est coauteur de plusieurs articles scientifiques \u00e9valu\u00e9s par des pairs dans ce domaine.<\/p>\n<p>Le Dr Fortier a maintenant pris sa retraite de la pratique clinique et a quitt\u00e9 son poste de professeur clinique associ\u00e9 au d\u00e9partement d&rsquo;obst\u00e9trique, de gyn\u00e9cologie et de reproduction de l&rsquo;Universit\u00e9 Laval.<\/p>\n<p><span id=\"helewa\"><\/span><br \/>\n<strong><img loading=\"lazy\" decoding=\"async\" class=\"alignleft wp-image-540 size-medium\" src=\"http:\/\/cfwh.org\/wp-content\/uploads\/2026\/02\/dr-helewa-244x300.jpg\" alt=\"\" width=\"244\" height=\"300\" srcset=\"https:\/\/cfwh.org\/wp-content\/uploads\/2026\/02\/dr-helewa-244x300.jpg 244w, https:\/\/cfwh.org\/wp-content\/uploads\/2026\/02\/dr-helewa.jpg 706w\" sizes=\"auto, (max-width: 244px) 100vw, 244px\" \/>Michael Helewa<\/strong><br \/>\nMichael E. Helewa, MD, FRCSC, est professeur \u00e9m\u00e9rite et chercheur principal au d\u00e9partement d\u2019obst\u00e9trique, de gyn\u00e9cologie et des sciences de la reproduction de la facult\u00e9 de m\u00e9decine Rady de l\u2019Universit\u00e9 du Manitoba (UM). Apr\u00e8s quatre d\u00e9cennies pass\u00e9es \u00e0 occuper des fonctions cliniques, universitaires et de direction \u00e0 l\u2019UM et en tant que responsable du site et directeur du programme de sant\u00e9 des femmes \u00e0 l\u2019h\u00f4pital Saint-Boniface, il a pris sa retraite des fonctions cliniques et administratives en 2022, mais reste actif dans le domaine universitaire et national en mati\u00e8re de sant\u00e9 des femmes.<\/p>\n<p>Sa carri\u00e8re comprend des contributions majeures \u00e0 l\u2019innovation dans les soins de maternit\u00e9, notamment :<\/p>\n<ul>\n<li style=\"list-style-type: none;\">\n<ul>\n<li>Le programme communautaire de soins pr\u00e9natals \u00e0 domicile \u00e0 Winnipeg, pour lequel il reste conseiller m\u00e9dical, \u00e0 la recherche en tant que chercheur principal\/co-chercheur\/collaborateur dans des essais cliniques locaux et multicentriques,<\/li>\n<li>L\u2019\u00e9laboration de lignes directrices, notamment sur les troubles hypertensifs de la grossesse, les soins pr\u00e9natals, les interventions obst\u00e9tricales, l\u2019impact environnemental sur l\u2019issue de la grossesse, et<\/li>\n<li>Le leadership au sein d\u2019organisations d\u00e9partementales, provinciales, nationales et internationales.<\/li>\n<\/ul>\n<\/li>\n<\/ul>\n<p>Il a notamment occup\u00e9 les fonctions suivantes : pr\u00e9sident de la Soci\u00e9t\u00e9 des obst\u00e9triciens et gyn\u00e9cologues du Canada (SOGC, vers 2005-2006), membre du comit\u00e9 d\u2019\u00e9ducation des patients et pr\u00e9sident du district VI du Manitoba de l\u2019American College of Obstetricians and Gynecologists (ACOG), directeur adjoint de la recherche au sein du d\u00e9partement, pr\u00e9sident et conseiller m\u00e9dical du comit\u00e9 des normes en mati\u00e8re de mortalit\u00e9 et de morbidit\u00e9 maternelles et p\u00e9rinatales du Coll\u00e8ge des m\u00e9decins et chirurgiens du Manitoba (CPSM), et membre des conseillers minist\u00e9riels pour Sant\u00e9 Manitoba. Il a publi\u00e9 de nombreux articles dans des revues m\u00e9dicales \u00e9valu\u00e9es par des pairs, pr\u00e9sid\u00e9 de nombreux comit\u00e9s et re\u00e7u de nombreux prix reconnaissant son enseignement, son mentorat, son leadership et son service.<\/p>\n<p>Malgr\u00e9 sa retraite, il continue de participer \u00e0 des r\u00e9seaux de recherche nationaux, \u00e0 des initiatives nationales et locales d\u2019examen de la mortalit\u00e9 maternelle, et si\u00e8ge \u00e0 plusieurs conseils d\u2019administration, dont le Conseil d\u2019administration et le Comit\u00e9 de la qualit\u00e9 et de la vigilance de l\u2019H\u00f4pital St. Boniface, de la Fondation pour la pr\u00e9\u00e9clampsie pour l\u2019examen des demandes de subventions de recherche, de Heart-Links, un groupe de soutien pour les patients transplant\u00e9s, et en tant que conseiller pour le CPSM et \u00e9valuateur pour de nombreuses revues m\u00e9dicales. Sa philosophie repose sur l\u2019\u00e9quit\u00e9, l\u2019\u00e9galit\u00e9, la pratique fond\u00e9e sur des donn\u00e9es probantes, les soins \u00e9thiques, la contribution \u00e0 la recherche, l\u2019\u00e9ducation et le mentorat. Il ch\u00e9rit sa vie de famille avec sa femme, ses deux fils et ses quatre petites-filles.<\/p>\n<p><span id=\"lalonde\"><\/span><br \/>\n<strong><img loading=\"lazy\" decoding=\"async\" class=\"alignleft wp-image-541 size-medium\" src=\"http:\/\/cfwh.org\/wp-content\/uploads\/2026\/02\/drlalonde-244x300.jpg\" alt=\"\" width=\"244\" height=\"300\" srcset=\"https:\/\/cfwh.org\/wp-content\/uploads\/2026\/02\/drlalonde-244x300.jpg 244w, https:\/\/cfwh.org\/wp-content\/uploads\/2026\/02\/drlalonde.jpg 706w\" sizes=\"auto, (max-width: 244px) 100vw, 244px\" \/>Andr\u00e9 Lalonde<\/strong><br \/>\nLe Dr Andr\u00e9 Lalonde poss\u00e8de une vaste exp\u00e9rience dans le domaine de la sant\u00e9 des femmes. Il se sp\u00e9cialise dans la gestion des risques, les mod\u00e8les de soins collaboratifs, les programmes de sant\u00e9 autochtones, les directives cliniques, l\u2019\u00e9ducation des consommateurs et le renforcement des syst\u00e8mes de sant\u00e9 au Canada et dans les pays \u00e0 faibles ressources. Son travail comprend la mise en \u0153uvre d\u2019initiatives pour une maternit\u00e9 sans risque et la r\u00e9duction de la mortalit\u00e9 maternelle. Le Dr Lalonde a lanc\u00e9 et d\u00e9ploy\u00e9 des programmes de gestion des risques li\u00e9s aux soins maternels et n\u00e9onatals \u00e0 travers le Canada (MOREOB, GESTA) et a collabor\u00e9 avec des m\u00e9decins de famille, des infirmi\u00e8res, des sages-femmes et d\u2019autres intervenants en sant\u00e9 reproductive, tant au niveau national qu\u2019international.<\/p>\n<p>Le Dr Lalonde est dipl\u00f4m\u00e9 de l\u2019Universit\u00e9 d\u2019Ottawa et a obtenu des bourses du Coll\u00e8ge royal des m\u00e9decins et chirurgiens du Canada, de l\u2019American College of Surgery et de l\u2019American Board of Obstetrics and Gynecology. Il est titulaire d\u2019une ma\u00eetrise en planification et financement de la sant\u00e9 de la London School of Economics.<\/p>\n<p>Le Dr Lalonde a occup\u00e9 les postes de chef du d\u00e9partement d\u2019obst\u00e9trique et de gyn\u00e9cologie de l\u2019H\u00f4pital g\u00e9n\u00e9ral LaSalle (1973-1989), de pr\u00e9sident de l\u2019IHPMI (1991-1993) et de pr\u00e9sident du conseil d\u2019administration de l\u2019H\u00f4pital g\u00e9n\u00e9ral LaSalle (1978-1987). Le Dr Lalonde a \u00e9t\u00e9 vice-pr\u00e9sident ex\u00e9cutif de la Soci\u00e9t\u00e9 des obst\u00e9triciens et gyn\u00e9cologues du Canada (SOGC) pendant 20 ans (1991-2011) et a \u00e9t\u00e9 nomm\u00e9 professeur clinique d\u2019obst\u00e9trique et de gyn\u00e9cologie \u00e0 l\u2019Universit\u00e9 d\u2019Ottawa et \u00e0 l\u2019Universit\u00e9 McGill.<\/p>\n<p>Le Dr Lalonde a particip\u00e9 \u00e0 la pr\u00e9sidence des comit\u00e9s de la FIGO sur la maternit\u00e9 sans risque et la sant\u00e9 n\u00e9onatale, au d\u00e9veloppement et au suivi des programmes \u00ab Save the Mothers \u00bb de la FIGO dans 10 pays (2007-2011) et a dirig\u00e9 l\u2019adh\u00e9sion fondatrice de la SOGC au Partenariat pour la sant\u00e9 maternelle, n\u00e9onatale et infantile (PMNCH).<\/p>\n<p>Le Dr Lalonde a re\u00e7u de nombreux prix prestigieux, notamment celui de la \u00ab Maternit\u00e9 A. Lalonde de l\u2019H\u00f4pital g\u00e9n\u00e9ral de LaSalle \u00bb, des titres de membre honoraire du Royal College of Obstetricians &amp; Gynaecologists (Royaume-Uni) et du Coll\u00e8ge national des obst\u00e9triciens et gyn\u00e9cologues de France, ainsi que plusieurs autres. Il a \u00e9t\u00e9 r\u00e9compens\u00e9 par les Nations Unies pour son travail dans le domaine de la maternit\u00e9 sans risque et de la sant\u00e9 n\u00e9onatale.<\/p>\n<p>Le Dr Lalonde dirige actuellement l\u2019initiative internationale \u00ab 12 \u00e9tapes pour des soins de maternit\u00e9 s\u00fbrs et respectueux \u00bb et a \u00e9t\u00e9 consultant pour des projets d\u2019accouchement par des sages-femmes dans le nord du Qu\u00e9bec pour la nation crie.<\/p>\n<p>Il est membre de l\u2019Ordre du Canada et r\u00e9side \u00e0 Ottawa.<\/p>\n","protected":false},"excerpt":{"rendered":"<p>La Fondation canadienne de la sant\u00e9 des femmes a pour mandat de financer la recherche, l\u2019\u00e9ducation et les activit\u00e9s internationales dans tous les domaines li\u00e9s \u00e0 la sant\u00e9 des femmes, afin de sauver des vies et d\u2019am\u00e9liorer la sant\u00e9 des femmes. Le conseil d\u2019administration est charg\u00e9 de mettre en \u0153uvre le mandat de la fondation. &#8230; <a title=\"Le conseil d&rsquo;administration\" class=\"read-more\" href=\"https:\/\/cfwh.org\/fr\/le-conseil-dadministration\/\" aria-label=\"En savoir plus sur Le conseil d&rsquo;administration\">Lire la suite<\/a><\/p>\n","protected":false},"author":4,"featured_media":0,"parent":0,"menu_order":2,"comment_status":"closed","ping_status":"closed","template":"","meta":{"footnotes":"","_links_to":"","_links_to_target":""},"class_list":["post-542","page","type-page","status-publish"],"_links":{"self":[{"href":"https:\/\/cfwh.org\/fr\/wp-json\/wp\/v2\/pages\/542","targetHints":{"allow":["GET"]}}],"collection":[{"href":"https:\/\/cfwh.org\/fr\/wp-json\/wp\/v2\/pages"}],"about":[{"href":"https:\/\/cfwh.org\/fr\/wp-json\/wp\/v2\/types\/page"}],"author":[{"embeddable":true,"href":"https:\/\/cfwh.org\/fr\/wp-json\/wp\/v2\/users\/4"}],"replies":[{"embeddable":true,"href":"https:\/\/cfwh.org\/fr\/wp-json\/wp\/v2\/comments?post=542"}],"version-history":[{"count":0,"href":"https:\/\/cfwh.org\/fr\/wp-json\/wp\/v2\/pages\/542\/revisions"}],"wp:attachment":[{"href":"https:\/\/cfwh.org\/fr\/wp-json\/wp\/v2\/media?parent=542"}],"curies":[{"name":"wp","href":"https:\/\/api.w.org\/{rel}","templated":true}]}}