{"id":537,"date":"2015-11-13T10:29:31","date_gmt":"2015-11-13T18:29:31","guid":{"rendered":"https:\/\/cfwh.org\/?page_id=537"},"modified":"2026-02-19T07:56:17","modified_gmt":"2026-02-19T15:56:17","slug":"mission","status":"publish","type":"page","link":"https:\/\/cfwh.org\/fr\/mission\/","title":{"rendered":"Mission"},"content":{"rendered":"<p>La mission de la Fondation canadienne de la sant\u00e9 des femmes est d\u2019am\u00e9liorer la sant\u00e9 des femmes au Canada et dans le monde entier gr\u00e2ce \u00e0 la recherche, \u00e0 l\u2019\u00e9ducation et au plaidoyer de d\u00e9fense des droits en obst\u00e9trique et en gyn\u00e9cologie. <\/p>\n<h2>Vision<\/h2>\n<p>La Fondation canadienne de la sant\u00e9 des femmes estime que chaque femme devrait avoir un acc\u00e8s \u00e9quitable \u00e0 des soins de sant\u00e9 complets et optimaux, dispens\u00e9s avec int\u00e9grit\u00e9 et compassion au Canada et dans le monde. <\/p>\n<h2>Objectifs<\/h2>\n<p>Les objectifs de la Fondation canadienne de la sant\u00e9 des femmes sont les suivants :<\/p>\n<ul>\n<li>Accro\u00eetre la recherche en obst\u00e9trique et en gyn\u00e9cologie, <\/li>\n<li>Soutenir des initiatives qui permettent aux femmes de faire des choix \u00e9clair\u00e9s concernant leur sant\u00e9,<\/li>\n<li>Veiller \u00e0 ce que chaque femme ait acc\u00e8s aux soins n\u00e9cessaires pour donner naissance \u00e0 un b\u00e9b\u00e9 en bonne sant\u00e9 gr\u00e2ce \u00e0 une grossesse et un accouchement sans risque,<\/li>\n<li>Garantir aux femmes l\u2019acc\u00e8s \u00e0 des soins gyn\u00e9cologiques et obst\u00e9tricaux de la plus haute qualit\u00e9, \u00e9quitables, respectueux et fond\u00e9s sur des donn\u00e9es probantes.<\/li>\n<\/ul>\n<h2>Priorit\u00e9s<\/h2>\n<p>Conform\u00e9ment \u00e0 sa mission, la Fondation canadienne de la sant\u00e9 des femmes concentre ses efforts dans les domaines suivants :<\/p>\n<ul>\n<li>Accro\u00eetre la recherche m\u00e9dicale sur les questions de sant\u00e9 des femmes,<\/li>\n<li>Sensibiliser davantage les femmes aux questions de sant\u00e9 qui les concernent, elles et leur famille,<\/li>\n<li>Soutenir les femmes et la sant\u00e9 des femmes dans les r\u00e9gions du monde en d\u00e9veloppement,<\/li>\n<li>Pr\u00e9venir la morbidit\u00e9 et la mortalit\u00e9 maternelles au Canada.<\/li>\n<\/ul>\n","protected":false},"excerpt":{"rendered":"<p>La mission de la Fondation canadienne de la sant\u00e9 des femmes est d\u2019am\u00e9liorer la sant\u00e9 des femmes au Canada et dans le monde entier gr\u00e2ce \u00e0 la recherche, \u00e0 l\u2019\u00e9ducation et au plaidoyer de d\u00e9fense des droits en obst\u00e9trique et en gyn\u00e9cologie. Vision La Fondation canadienne de la sant\u00e9 des femmes estime que chaque femme &#8230; <a title=\"Mission\" class=\"read-more\" href=\"https:\/\/cfwh.org\/fr\/mission\/\" aria-label=\"En savoir plus sur Mission\">Lire la suite<\/a><\/p>\n","protected":false},"author":4,"featured_media":0,"parent":0,"menu_order":1,"comment_status":"closed","ping_status":"closed","template":"","meta":{"footnotes":"","_links_to":"","_links_to_target":""},"class_list":["post-537","page","type-page","status-publish"],"_links":{"self":[{"href":"https:\/\/cfwh.org\/fr\/wp-json\/wp\/v2\/pages\/537","targetHints":{"allow":["GET"]}}],"collection":[{"href":"https:\/\/cfwh.org\/fr\/wp-json\/wp\/v2\/pages"}],"about":[{"href":"https:\/\/cfwh.org\/fr\/wp-json\/wp\/v2\/types\/page"}],"author":[{"embeddable":true,"href":"https:\/\/cfwh.org\/fr\/wp-json\/wp\/v2\/users\/4"}],"replies":[{"embeddable":true,"href":"https:\/\/cfwh.org\/fr\/wp-json\/wp\/v2\/comments?post=537"}],"version-history":[{"count":0,"href":"https:\/\/cfwh.org\/fr\/wp-json\/wp\/v2\/pages\/537\/revisions"}],"wp:attachment":[{"href":"https:\/\/cfwh.org\/fr\/wp-json\/wp\/v2\/media?parent=537"}],"curies":[{"name":"wp","href":"https:\/\/api.w.org\/{rel}","templated":true}]}}